{"id":49,"date":"2011-10-25T14:39:46","date_gmt":"2011-10-25T12:39:46","guid":{"rendered":"http:\/\/www.sitestory.dk\/wordpress\/?page_id=49"},"modified":"2024-03-09T11:47:27","modified_gmt":"2024-03-09T10:47:27","slug":"blog","status":"publish","type":"page","link":"https:\/\/sitestory.dk\/wordpress\/blog\/","title":{"rendered":"Den n\u00e6ste rejse"},"content":{"rendered":"<p>Jeg er vild med at rejse.<\/p>\n<p>Sj\u00e6ldent lever og sanser jeg s\u00e5 intenst, som n\u00e5r jeg er p\u00e5 rejse. Vejret er altid bedre end hjemme, farverne er klarere, historiens vinger suser mere og smagsl\u00f8genes formkurve topper.<\/p>\n<p>Jeg er simpelthen designet til at v\u00e6re p\u00e5 ferie. Hvis den n\u00e6ste rejse ikke er fastlagt m\u00e5neder i forvejen, f\u00e5r jeg abstinenser; hverdagen falmer og bliver gr\u00e5.<\/p>\n<p>Er den n\u00e6ste rejse derimod fastlagt, har jeg et mentalt bolsje af forventningsgl\u00e6de og retningssans. N\u00e5r psyken g\u00e5r sukkerkold efter en tr\u00e6ls dag, sutter jeg p\u00e5 mit mental-bolsje og udbryder: <em>\u201d\u00c5h, hvor er det godt, vi snart skal p\u00e5 ferie!\u201d<\/em><\/p>\n<p>Som rejseforberedelserne skrider frem, og jeg ved mere og mere om stedet, vokser bolsjet i st\u00f8rrelse og s\u00f8dme. Forventningens gl\u00e6de bliver mere og mere konkret.<\/p>\n<h3>Hvor g\u00e5r vores n\u00e6ste rejse\u00a0s\u00e5 hen?<\/h3>\n<p>I februar 2024 var vi tre afslappede uger p\u00e5 Malta, hvor vi tog forskud p\u00e5 for\u00e5ret og bestemt ikke savnede det danske vinterklima.<\/p>\n<p>I forsommeren g\u00e5r turen til Sicilien, n\u00e6rmere bestemt Giardini Naxos. Der har vi v\u00e6ret adskillige gange siden f\u00f8rste gang i 2006, s\u00e5 det bliver noget med at hilse p\u00e5 gamle venner og pudse inderne af.<\/p>\n<p>Planen er endvidere fire uger p\u00e5 Leros (Gr\u00e6kenland) i sensommeren, hvor vejret er pragtfuldt nede syd p\u00e5.<\/p>\n<p>Herunder er der links til sider, hvor jeg skriver mere konkret og praktisk om gode kilder til information og inspiration, som jeg bruger ved planl\u00e6gningen af en rejse. M\u00e5ske kan de give dig en id\u00e9 eller to, eller ogs\u00e5 kan mine <a title=\"Rejsebeskrivelser\" href=\"https:\/\/www.sitestory.dk\/rejser\/index.html\" target=\"_self\" rel=\"noopener noreferrer\">rejsebeskrivelser<\/a>.<\/p>\n<ul>\n<li><a title=\"Informationss\u00f8gning\" href=\"https:\/\/\/\/sitestory.dk\/wordpress\/blog\/rejsemalet\/\" target=\"_self\" rel=\"noopener noreferrer\">Information om rejsem\u00e5let<\/a><\/li>\n<li><a title=\"Transport - fly og tog\" href=\"https:\/\/www.sitestory.dk\/wordpress\/?page_id=58\">Transport &#8211; fly &amp; tog<\/a><\/li>\n<li><a title=\"Hvordan man finde hotel og lejlighed\" href=\"https:\/\/www.sitestory.dk\/wordpress\/?page_id=219\">Hotel &amp; lejlighed<\/a><\/li>\n<\/ul>\n<p>God rejse!<\/p>\n<p>&nbsp;<\/p>\n","protected":false},"excerpt":{"rendered":"<p>Jeg er vild med at rejse. Sj\u00e6ldent lever og sanser jeg s\u00e5 intenst, som n\u00e5r jeg er p\u00e5 rejse. Vejret er altid bedre end hjemme, farverne er klarere, historiens vinger suser mere og smagsl\u00f8genes formkurve topper. Jeg er simpelthen designet til at v\u00e6re p\u00e5 ferie. Hvis den n\u00e6ste rejse ikke er fastlagt m\u00e5neder i forvejen, [&hellip;]<\/p>\n","protected":false},"author":10,"featured_media":0,"parent":0,"menu_order":0,"comment_status":"open","ping_status":"open","template":"","meta":{"footnotes":""},"class_list":["post-49","page","type-page","status-publish","hentry"],"_links":{"self":[{"href":"https:\/\/sitestory.dk\/wordpress\/wp-json\/wp\/v2\/pages\/49","targetHints":{"allow":["GET"]}}],"collection":[{"href":"https:\/\/sitestory.dk\/wordpress\/wp-json\/wp\/v2\/pages"}],"about":[{"href":"https:\/\/sitestory.dk\/wordpress\/wp-json\/wp\/v2\/types\/page"}],"author":[{"embeddable":true,"href":"https:\/\/sitestory.dk\/wordpress\/wp-json\/wp\/v2\/users\/10"}],"replies":[{"embeddable":true,"href":"https:\/\/sitestory.dk\/wordpress\/wp-json\/wp\/v2\/comments?post=49"}],"version-history":[{"count":25,"href":"https:\/\/sitestory.dk\/wordpress\/wp-json\/wp\/v2\/pages\/49\/revisions"}],"predecessor-version":[{"id":18454,"href":"https:\/\/sitestory.dk\/wordpress\/wp-json\/wp\/v2\/pages\/49\/revisions\/18454"}],"wp:attachment":[{"href":"https:\/\/sitestory.dk\/wordpress\/wp-json\/wp\/v2\/media?parent=49"}],"curies":[{"name":"wp","href":"https:\/\/api.w.org\/{rel}","templated":true}]}}