{"id":58,"date":"2008-08-12T19:49:52","date_gmt":"2008-08-12T17:49:52","guid":{"rendered":"http:\/\/www.sitestory.dk\/wordpress\/?page_id=58"},"modified":"2018-05-19T10:13:09","modified_gmt":"2018-05-19T08:13:09","slug":"rejseplanl%c3%a6gning","status":"publish","type":"page","link":"https:\/\/sitestory.dk\/wordpress\/blog\/rejseplanl%c3%a6gning\/","title":{"rendered":"Transport &#8211; fly &#038; tog"},"content":{"rendered":"<p>Vi har altid en id\u00e9 om, hvor vi gerne vil hen. Den kan v\u00e6re helt specifik som en bestemt by (f.eks. Rom) eller mere ubestemt som &#8220;Syditalien&#8221; eller &#8220;en gr\u00e6sk \u00f8&#8221;. Uanset hvor specifik den er, er det ret afg\u00f8rende for det endelige valg, hvordan man kan komme dertil, og hvad det koster.<\/p>\n<p>Hvis det er en st\u00f8rre by, og man kan komme dertil for rimelige penge, foretr\u00e6kker vi n\u00e6sten altid at arrangere rejsen selv, fordi man s\u00e5 f\u00e5r alle detaljer, som man vil ha&#8217; dem. Andre rejsem\u00e5l kan v\u00e6re besv\u00e6rlige eller kostbare at komme til med &#8220;normal&#8221; transport, og s\u00e5 er det n\u00e6sten altid billigere og nemmere at k\u00f8be en pakkerejse.<\/p>\n<p>Det skal lige siges, at vi ikke har bil,\u00a0s\u00e5 k\u00f8r-selv ferie er udelukket.<\/p>\n<h3>Fly<\/h3>\n<p>Generelt g\u00e6lder, at jo f\u00f8r man booker, desto billigere er billetterne.<\/p>\n<p>Et af de bedste sites til at finde flyforbindelser er <a title=\"Momondo s\u00f8gemaskine\" href=\"https:\/\/www.momondo.com\" target=\"_blank\" rel=\"nofollow noopener\">www.momondo.com<\/a>. Hvis det ikke er en direkte rute fra punkt A til destinationen B, skal man imidlertid v\u00e6re opm\u00e6rksom p\u00e5, at lavprisselskaberne som regel ikke kommer med i s\u00f8geresultaterne.<\/p>\n<p>Mange lavprisselskaber (f.eks. RyanAir) flyver dig fra \u00e9t sted til et andet, og hvis du vil videre derfra, betragtes det som en ny rejse. Det kunne f.eks. v\u00e6re fra \u00c5rhus til London Stansted og s\u00e5 videre derfra ud i den store verden.<\/p>\n<p>Det er ofte billigere at rejse med disse lavprisselskaber, men man skal selv finde forbindelserne, og man b\u00e6rer selv risikoen, hvis det f\u00f8rste fly er forsinket, s\u00e5 man ikke n\u00e5r det n\u00e6ste. Hvis f.eks. RyanAirs fly fra \u00c5rhus er forsinket, s\u00e5 du ikke n\u00e5r RyanAirs fly fra Stansted til Langtbortistan, s\u00e5 er det dit eget problem. Man kan tegne en forsikring mod det \u00f8konomiske tab, men den bringer dig jo ikke frem. Man skal altid indl\u00e6gge rigtig god tid, s\u00e5 man kan n\u00e5 at f\u00e5 udleveret sin bagage og checke ind til det n\u00e6ste fly og komme gennem sikkerhedskontrollen. B\u00f8vlet og tidskr\u00e6vende, men\u00a0ofte billigt.<\/p>\n<p>Husk ogs\u00e5 p\u00e5, at man kan rejse fra andre lufthavne end de danske. Mange har sparet mange penge ved at k\u00f8re til Hamborg og flyve derfra. For et par \u00e5r siden sparede en af mine venner, som skulle til Skotland, flere tusinde kroner ved at tage f\u00e6rgen fra Frederikshavn til G\u00f6teborg. Herfra de kunne flyve med RyanAir til Skotland i stedet for at rejse via Kastrup.<\/p>\n<p>Uanset hvilket selskab man flyver med, er det som regel altid billigst at k\u00f8be billetten online p\u00e5 selskabets egen hjemmeside. Unders\u00f8g for god ordens skyld, om en returbillet er billigere end to enkeltbilletter. Jeg har faktisk v\u00e6ret ude for, at to enkeltbilletter med SAS mellem Aalborg og K\u00f8benhavn var en del billigere end en returbillet til pr\u00e6cis de samme fly. Sp\u00f8rg mig ikke hvorfor &#8211; det var de bare!<\/p>\n<p>Forskellige selskaber kan ogs\u00e5 have forskellige priser p\u00e5 forskellige dage og tidspunkter, s\u00e5 afh\u00e6ngigt af omst\u00e6ndighederne, kan det v\u00e6re billigst at rejse ud med \u00e9t selskab og hjem med et andet.<\/p>\n<h3>Tog<\/h3>\n<p>I dag er det som regel billigere at flyve and at tage toget, men med olieprisernes himmelflugt kan det snart \u00e6ndre sig, og der kan da ogs\u00e5 v\u00e6re andre gode grunde til at tage toget &#8211; flyskr\u00e6k eller grupperabat f.eks.<\/p>\n<p>Det kan jo ogs\u00e5 v\u00e6re, at man flyver til en af de &#8220;billige&#8221; lufthavne og s\u00e5 tager toget derfra. For eksempel vil det n\u00e6sten altid v\u00e6re billigere at flyve til Rom og tage toget derfra til Firenze frem for at flyve direkte til Firenze. Man kan selvf\u00f8lgelig pr\u00f8ve at bestille togbilletten hjemmefra, men til den slags ture kan man som regel vente, til man ankommer. Skulle det v\u00e6re sm\u00e5t med plads, kan man jo flotte sig og k\u00f8be billet til 1. klasse.<\/p>\n<p>Til togrejser i Danmark er DSB&#8217;s side <a title=\"DSB's rejseplan\" href=\"https:\/\/www.rejseplanen.dk\" target=\"_blank\" rel=\"nofollow noopener\">rejseplanen.dk<\/a> selvf\u00f8lgelig uovertruffen, men skal man p\u00e5 en l\u00e6ngere rejse ud i Europa, er det bedst at bruge de tyske jernbaners side <a title=\"Deutsche Bahn\" href=\"https:\/\/www.bahn.de\" target=\"_blank\" rel=\"nofollow noopener\">bahn.de<\/a>. Den er funktionel og brugervenlig. Man kan dog ikke altid f\u00e5 prisen oplyst, hvis rejsen involverer andre jernbaneselskaber. Skal man til England, er der <a title=\"Journey Planner\" href=\"https:\/\/ojp.nationalrail.co.uk\/en\/pj\/jp\" target=\"_blank\" rel=\"noopener\">Journey Planner<\/a>, og s\u00e5ledes har alle lande deres nationale jernbaneside.<\/p>\n<p>F\u00e6lles for dem alle er, at det er sv\u00e6rt at gennemskue priser, rabatter og lignende, og det kan ogs\u00e5 v\u00e6re uhyre besv\u00e6rligt at bestille billetter online &#8211; hvis det da overhovedet kan lade sig g\u00f8re. S\u00e5 de fleste er nok bedst tjent ved at bruge siderne til at finde forbindelser og tider og s\u00e5 bestille billetterne gennem et rejsebureau.<\/p>\n<p>\u00d8nsker man f.eks. sovevogn gennem Tyskland, er det ogs\u00e5 min erfaring, at man ikke skal bestille for sent &#8211; de bliver hurtigt udsolgt.<\/p>\n<p>Hvis man s\u00f8ger p\u00e5 datoer langt ude i fremtiden, melder nogle sider pas (f.eks. den italienske side <a title=\"De italienske jernbaner\" href=\"https:\/\/www.ferroviedellostato.it\/\" target=\"_blank\" rel=\"nofollow noopener\">ferroviedellostato.it<\/a>). Pr\u00f8v i stedet at s\u00f8ge p\u00e5 de samme ugedage i en ikke s\u00e5 fjern fremtid.<\/p>\n<p>P\u00e5 <a title=\"Jernbanekort\" href=\"https:\/\/downloads.raileurope.com\/map_of_europe\/\" target=\"_blank\" rel=\"nofollow noopener\">downloads.raileurope.com\/map_of_europe<\/a> kan man se forbindelserne i Europa p\u00e5 et interaktivt kort.<\/p>\n<h3>Bus<\/h3>\n<p>Busrejser er som regel pakkerejser. Vi har pr\u00f8vet det \u00e9n gang (til Amsterdam), hvor det var en s\u00e5kaldt sovebus p\u00e5 vejen hjem. Vi g\u00f8r det aldrig mere. Find selv ud af det!<\/p>\n<p>Destinationens lokale busser er selvf\u00f8lgelig en anden snak, og dem skriver jeg om under &#8220;Rejsem\u00e5let&#8221;.<\/p>\n<h3>Skib<\/h3>\n<p>Jeg har kun pr\u00f8vet \u00e9n gang i mit voksenliv, og det var tilbage i 1983, hvor vi tog f\u00e6rgen fra Esbjerg til England. S\u00e5 ingen inspiration at hente her!<\/p>\n<p>Andre sider om rejseplanl\u00e6gning:<\/p>\n<ul>\n<li><a title=\"Forventningens gl\u00e6de\" href=\"https:\/\/www.sitestory.dk\/wordpress\/?page_id=49\">Den n\u00e6ste rejse<\/a><\/li>\n<li><a title=\"Hotel og lejlighed\" href=\"https:\/\/www.sitestory.dk\/wordpress\/?page_id=219\">Hotel &amp; lejlighed<\/a><\/li>\n<li><a title=\"Rejsem\u00e5let\" href=\"https:\/\/www.sitestory.dk\/wordpress\/?page_id=231\">Information om rejsem\u00e5let<\/a><\/li>\n<\/ul>\n","protected":false},"excerpt":{"rendered":"<p>Vi har altid en id\u00e9 om, hvor vi gerne vil hen. Den kan v\u00e6re helt specifik som en bestemt by (f.eks. Rom) eller mere ubestemt som &#8220;Syditalien&#8221; eller &#8220;en gr\u00e6sk \u00f8&#8221;. Uanset hvor specifik den er, er det ret afg\u00f8rende for det endelige valg, hvordan man kan komme dertil, og hvad det koster. Hvis det [&hellip;]<\/p>\n","protected":false},"author":10,"featured_media":0,"parent":49,"menu_order":2,"comment_status":"open","ping_status":"open","template":"","meta":{"footnotes":""},"class_list":["post-58","page","type-page","status-publish","hentry"],"_links":{"self":[{"href":"https:\/\/sitestory.dk\/wordpress\/wp-json\/wp\/v2\/pages\/58","targetHints":{"allow":["GET"]}}],"collection":[{"href":"https:\/\/sitestory.dk\/wordpress\/wp-json\/wp\/v2\/pages"}],"about":[{"href":"https:\/\/sitestory.dk\/wordpress\/wp-json\/wp\/v2\/types\/page"}],"author":[{"embeddable":true,"href":"https:\/\/sitestory.dk\/wordpress\/wp-json\/wp\/v2\/users\/10"}],"replies":[{"embeddable":true,"href":"https:\/\/sitestory.dk\/wordpress\/wp-json\/wp\/v2\/comments?post=58"}],"version-history":[{"count":2,"href":"https:\/\/sitestory.dk\/wordpress\/wp-json\/wp\/v2\/pages\/58\/revisions"}],"predecessor-version":[{"id":15902,"href":"https:\/\/sitestory.dk\/wordpress\/wp-json\/wp\/v2\/pages\/58\/revisions\/15902"}],"up":[{"embeddable":true,"href":"https:\/\/sitestory.dk\/wordpress\/wp-json\/wp\/v2\/pages\/49"}],"wp:attachment":[{"href":"https:\/\/sitestory.dk\/wordpress\/wp-json\/wp\/v2\/media?parent=58"}],"curies":[{"name":"wp","href":"https:\/\/api.w.org\/{rel}","templated":true}]}}