{"id":7208,"date":"2011-08-21T14:13:31","date_gmt":"2011-08-21T12:13:31","guid":{"rendered":"http:\/\/\/\/sitestory.dk\/wordpress\/?page_id=7208"},"modified":"2018-07-23T16:05:18","modified_gmt":"2018-07-23T14:05:18","slug":"gaestebog","status":"publish","type":"page","link":"https:\/\/sitestory.dk\/wordpress\/gaestebog\/","title":{"rendered":"G\u00e6stebog"},"content":{"rendered":"<p>Mange af siderne p\u00e5 dette site (fx rejsebeskrivelserne)\u00a0har ikke kommentarfelter som p\u00e5 bloggen, og jeg havde derfor en g\u00e6stebog.<\/p>\n<p>Men den fik efterh\u00e5nden s\u00e5 mange spamkommentarer, at jeg nu har lukket den for i stedet at bruge bloggen, der har et mere effektivt spamfilter.<\/p>\n<h2>English<\/h2>\n<p>You are very welcome to post comments or questions. My travel stories are static pages unlike this blog, and for that reason I used to have a guest book.<\/p>\n<p>However it was spammed so much that I decided to move to the blog, which has a more efficient spam filter.<\/p>\n","protected":false},"excerpt":{"rendered":"<p>Mange af siderne p\u00e5 dette site (fx rejsebeskrivelserne)\u00a0har ikke kommentarfelter som p\u00e5 bloggen, og jeg havde derfor en g\u00e6stebog. Men den fik efterh\u00e5nden s\u00e5 mange spamkommentarer, at jeg nu har lukket den for i stedet at bruge bloggen, der har et mere effektivt spamfilter. English You are very welcome to post comments or questions. My [&hellip;]<\/p>\n","protected":false},"author":10,"featured_media":0,"parent":0,"menu_order":0,"comment_status":"open","ping_status":"closed","template":"","meta":{"footnotes":""},"class_list":["post-7208","page","type-page","status-publish","hentry"],"_links":{"self":[{"href":"https:\/\/sitestory.dk\/wordpress\/wp-json\/wp\/v2\/pages\/7208","targetHints":{"allow":["GET"]}}],"collection":[{"href":"https:\/\/sitestory.dk\/wordpress\/wp-json\/wp\/v2\/pages"}],"about":[{"href":"https:\/\/sitestory.dk\/wordpress\/wp-json\/wp\/v2\/types\/page"}],"author":[{"embeddable":true,"href":"https:\/\/sitestory.dk\/wordpress\/wp-json\/wp\/v2\/users\/10"}],"replies":[{"embeddable":true,"href":"https:\/\/sitestory.dk\/wordpress\/wp-json\/wp\/v2\/comments?post=7208"}],"version-history":[{"count":1,"href":"https:\/\/sitestory.dk\/wordpress\/wp-json\/wp\/v2\/pages\/7208\/revisions"}],"predecessor-version":[{"id":16012,"href":"https:\/\/sitestory.dk\/wordpress\/wp-json\/wp\/v2\/pages\/7208\/revisions\/16012"}],"wp:attachment":[{"href":"https:\/\/sitestory.dk\/wordpress\/wp-json\/wp\/v2\/media?parent=7208"}],"curies":[{"name":"wp","href":"https:\/\/api.w.org\/{rel}","templated":true}]}}